{"id":21,"date":"2022-02-02T19:16:22","date_gmt":"2022-02-02T19:16:22","guid":{"rendered":"http:\/\/demumber.eu\/?page_id=21"},"modified":"2022-11-08T11:20:11","modified_gmt":"2022-11-08T10:20:11","slug":"impressum","status":"publish","type":"page","link":"https:\/\/demumber.de\/ru\/impressum\/","title":{"rendered":"Impressum"},"content":{"rendered":"\t\t<div data-elementor-type=\"wp-page\" data-elementor-id=\"21\" class=\"elementor elementor-21\">\n\t\t\t\t\t\t\t\t\t<section class=\"elementor-section elementor-top-section elementor-element elementor-element-45a3509 elementor-section-height-min-height elementor-section-boxed elementor-section-height-default elementor-section-items-middle\" data-id=\"45a3509\" data-element_type=\"section\" data-settings=\"{&quot;background_background&quot;:&quot;classic&quot;}\">\n\t\t\t\t\t\t\t<div class=\"elementor-background-overlay\"><\/div>\n\t\t\t\t\t\t\t<div class=\"elementor-container elementor-column-gap-default\">\n\t\t\t\t\t<div class=\"elementor-column elementor-col-100 elementor-top-column elementor-element elementor-element-7931231\" data-id=\"7931231\" data-element_type=\"column\">\n\t\t\t<div class=\"elementor-widget-wrap elementor-element-populated\">\n\t\t\t\t\t\t\t\t<div class=\"elementor-element elementor-element-1578b0e4 elementor-widget elementor-widget-heading\" data-id=\"1578b0e4\" data-element_type=\"widget\" data-widget_type=\"heading.default\">\n\t\t\t\t<div class=\"elementor-widget-container\">\n\t\t\t<style>\/*! elementor - v3.8.0 - 30-10-2022 *\/\n.elementor-heading-title{padding:0;margin:0;line-height:1}.elementor-widget-heading .elementor-heading-title[class*=elementor-size-]>a{color:inherit;font-size:inherit;line-height:inherit}.elementor-widget-heading .elementor-heading-title.elementor-size-small{font-size:15px}.elementor-widget-heading .elementor-heading-title.elementor-size-medium{font-size:19px}.elementor-widget-heading .elementor-heading-title.elementor-size-large{font-size:29px}.elementor-widget-heading .elementor-heading-title.elementor-size-xl{font-size:39px}.elementor-widget-heading .elementor-heading-title.elementor-size-xxl{font-size:59px}<\/style><h2 class=\"elementor-heading-title elementor-size-default\">Impressum<\/h2>\t\t<\/div>\n\t\t\t\t<\/div>\n\t\t\t\t\t<\/div>\n\t\t<\/div>\n\t\t\t\t\t\t\t<\/div>\n\t\t<\/section>\n\t\t\t\t<section class=\"elementor-section elementor-top-section elementor-element elementor-element-77a22dc elementor-section-boxed elementor-section-height-default elementor-section-height-default\" data-id=\"77a22dc\" data-element_type=\"section\">\n\t\t\t\t\t\t<div class=\"elementor-container elementor-column-gap-default\">\n\t\t\t\t\t<div class=\"elementor-column elementor-col-100 elementor-top-column elementor-element elementor-element-d5e1e0b\" data-id=\"d5e1e0b\" data-element_type=\"column\">\n\t\t\t<div class=\"elementor-widget-wrap elementor-element-populated\">\n\t\t\t\t\t\t\t\t<div class=\"elementor-element elementor-element-7e3c042 elementor-widget elementor-widget-text-editor\" data-id=\"7e3c042\" data-element_type=\"widget\" data-widget_type=\"text-editor.default\">\n\t\t\t\t<div class=\"elementor-widget-container\">\n\t\t\t<style>\/*! elementor - v3.8.0 - 30-10-2022 *\/\n.elementor-widget-text-editor.elementor-drop-cap-view-stacked .elementor-drop-cap{background-color:#818a91;color:#fff}.elementor-widget-text-editor.elementor-drop-cap-view-framed .elementor-drop-cap{color:#818a91;border:3px solid;background-color:transparent}.elementor-widget-text-editor:not(.elementor-drop-cap-view-default) .elementor-drop-cap{margin-top:8px}.elementor-widget-text-editor:not(.elementor-drop-cap-view-default) .elementor-drop-cap-letter{width:1em;height:1em}.elementor-widget-text-editor .elementor-drop-cap{float:left;text-align:center;line-height:1;font-size:50px}.elementor-widget-text-editor .elementor-drop-cap-letter{display:inline-block}<\/style>\t\t\t\t<p><strong>DeMumber<\/strong><br \/>Karl-Jakob-Hirsch-Weg 71, 30455 Hannover<br \/><strong>Tel.<\/strong> +49 (0)1575 7855243<br \/><strong>E-Mail<\/strong> info@demumber.com<br \/>Vertreten durch die Gesch\u00e4ftsf\u00fchrer: Eugen Mumber<br \/>Eingetragen beim Amtsgericht<br \/><strong>Hannover:<\/strong> MEL 14545<br \/>USt-IdNr. DE 203657434<\/p><p><strong>v.i.S.d.P.<\/strong><br \/><strong>Presserechtlich verantwortlich f\u00fcr alle Seiten unter www.DeMumber.com: Eugen Mumber<\/strong><\/p><p>Zust\u00e4ndige Aufsichtsbeh\u00f6rde<br \/>Bundesagentur f\u00fcr Arbeit<br \/>Regionaldirektion Niedersachsen<br \/>Postfach 10 10 40<br \/>30000 Hannover<br \/><strong>Tel.<\/strong> 0511 4306-0<br \/><strong>Internet:<\/strong> www.arbeitsagentur.de<\/p><p><strong>Allgemeine Gesch\u00e4ftsbedingungen (AGB)<\/strong><\/p><p>Unsere Allgemeinen Gesch\u00e4ftsbedingungen k\u00f6nnen sie <a href=\"https:\/\/demumber.de\/wp-content\/uploads\/2022\/11\/AGB_DeMumBer.pdf\">hier<\/a>\u00a0einsehen.<\/p><p>Rechtliche Hinweise<br \/>Die auf dieser Website verwendeten m\u00e4nnlichen Bezeichnungen dienen ausschlie\u00dflich der besseren Lesbarkeit und gelten f\u00fcr beide Geschlechter.<\/p><p>Haftung f\u00fcr Inhalte<br \/>Die Inhalte unserer Seiten wurden mit gr\u00f6\u00dfter Sorgfalt erstellt. F\u00fcr die Richtigkeit, Vollst\u00e4ndigkeit und Aktualit\u00e4t der Inhalte k\u00f6nnen wir jedoch keine Gew\u00e4hr \u00fcbernehmen. Als Diensteanbieter sind wir gem\u00e4\u00df \u00a7 7 Abs.1 TMG f\u00fcr eigene Inhalte auf diesen Seiten nach den allgemeinen Gesetzen verantwortlich. Nach \u00a7\u00a7 8 bis 10 TMG sind wir als Diensteanbieter jedoch nicht verpflichtet, \u00fcbermittelte oder gespeicherte fremde Informationen zu \u00fcberwachen oder nach Umst\u00e4nden zu forschen, die auf eine rechtswidrige T\u00e4tigkeit hinweisen. Verpflichtungen zur Entfernung oder Sperrung der Nutzung von Informationen nach den allgemeinen Gesetzen bleiben hiervon unber\u00fchrt. Eine diesbez\u00fcgliche Haftung ist jedoch erst ab dem Zeitpunkt der Kenntnis einer konkreten Rechtsverletzung m\u00f6glich. Bei Bekannt werden von entsprechenden Rechtsverletzungen werden wir diese Inhalte umgehend entfernen.<\/p><p>Haftung f\u00fcr Links<br \/>Unser Angebot enth\u00e4lt Links zu externen Webseiten Dritter, auf deren Inhalte wir keinen Einfluss haben. Deshalb k\u00f6nnen wir f\u00fcr diese fremden Inhalte auch keine Gew\u00e4hr \u00fcbernehmen. Diese Links werden lediglich als Serviceleistung angeboten. F\u00fcr die Inhalte der verlinkten Seiten ist stets der jeweilige Anbieter oder Betreiber der Seiten verantwortlich. Die verlinkten Seiten wurden zum Zeitpunkt der Verlinkung auf m\u00f6gliche Rechtsverst\u00f6\u00dfe \u00fcberpr\u00fcft. Rechtswidrige Inhalte waren zum Zeitpunkt der Verlinkung nicht erkennbar. Eine permanente inhaltliche Kontrolle der verlinkten Seiten ist jedoch ohne konkrete Anhaltspunkte einer Rechtsverletzung nicht zumutbar. Bei bekannt werden von Rechtsverletzungen werden wir derartige Links umgehend entfernen.<\/p><p>Urheberrecht<br \/>Die Betreiber der Seiten sind bem\u00fcht, stets die Urheberrechte anderer zu beachten bzw. auf selbst erstellte sowie lizenzfreie Werke zur\u00fcckzugreifen. Die durch die Seitenbetreiber erstellten Inhalte und Werke auf diesen Seiten unterliegen dem deutschen Urheberrecht. Beitr\u00e4ge Dritter sind als solche gekennzeichnet. Die Vervielf\u00e4ltigung, Bearbeitung, Verbreitung und jede Art der Verwertung au\u00dferhalb der Grenzen des Urheberrechtes bed\u00fcrfen der schriftlichen Zustimmung des jeweiligen Autors bzw. Erstellers. Downloads und Kopien dieser Seite sind nur f\u00fcr den privaten, nicht-kommerziellen Gebrauch gestattet.<\/p>\t\t\t\t\t\t<\/div>\n\t\t\t\t<\/div>\n\t\t\t\t\t<\/div>\n\t\t<\/div>\n\t\t\t\t\t\t\t<\/div>\n\t\t<\/section>\n\t\t\t\t\t\t\t<\/div>\n\t\t","protected":false},"excerpt":{"rendered":"<p>Impressum DeMumberKarl-Jakob-Hirsch-Weg 71, 30455 HannoverTel. +49 (0)1575 7855243E-Mail info@demumber.comVertreten durch die Gesch\u00e4ftsf\u00fchrer: Eugen MumberEingetragen beim AmtsgerichtHannover: MEL 14545USt-IdNr. DE 203657434 v.i.S.d.P.Presserechtlich verantwortlich f\u00fcr alle Seiten unter www.DeMumber.com: Eugen Mumber Zust\u00e4ndige Aufsichtsbeh\u00f6rdeBundesagentur f\u00fcr ArbeitRegionaldirektion NiedersachsenPostfach 10 10 4030000 HannoverTel. 0511 4306-0Internet: www.arbeitsagentur.de Allgemeine Gesch\u00e4ftsbedingungen (AGB) Unsere Allgemeinen Gesch\u00e4ftsbedingungen k\u00f6nnen sie hier\u00a0einsehen. Rechtliche HinweiseDie auf dieser Website [&hellip;]<\/p>\n","protected":false},"author":1,"featured_media":0,"parent":0,"menu_order":0,"comment_status":"closed","ping_status":"closed","template":"","meta":{"footnotes":""},"class_list":["post-21","page","type-page","status-publish","hentry"],"yoast_head":"<!-- This site is optimized with the Yoast SEO plugin v19.10 - https:\/\/yoast.com\/wordpress\/plugins\/seo\/ -->\n<title>Impressum - EuDeMumber<\/title>\n<meta name=\"robots\" content=\"index, follow, max-snippet:-1, max-image-preview:large, max-video-preview:-1\" \/>\n<link rel=\"canonical\" href=\"https:\/\/demumber.de\/ru\/impressum\/\" \/>\n<meta property=\"og:locale\" content=\"ru_RU\" \/>\n<meta property=\"og:type\" content=\"article\" \/>\n<meta property=\"og:title\" content=\"Impressum - EuDeMumber\" \/>\n<meta property=\"og:description\" content=\"Impressum DeMumberKarl-Jakob-Hirsch-Weg 71, 30455 HannoverTel. +49 (0)1575 7855243E-Mail info@demumber.comVertreten durch die Gesch\u00e4ftsf\u00fchrer: Eugen MumberEingetragen beim AmtsgerichtHannover: MEL 14545USt-IdNr. DE 203657434 v.i.S.d.P.Presserechtlich verantwortlich f\u00fcr alle Seiten unter www.DeMumber.com: Eugen Mumber Zust\u00e4ndige Aufsichtsbeh\u00f6rdeBundesagentur f\u00fcr ArbeitRegionaldirektion NiedersachsenPostfach 10 10 4030000 HannoverTel. 0511 4306-0Internet: www.arbeitsagentur.de Allgemeine Gesch\u00e4ftsbedingungen (AGB) Unsere Allgemeinen Gesch\u00e4ftsbedingungen k\u00f6nnen sie hier\u00a0einsehen. Rechtliche HinweiseDie auf dieser Website [&hellip;]\" \/>\n<meta property=\"og:url\" content=\"https:\/\/demumber.de\/ru\/impressum\/\" \/>\n<meta property=\"og:site_name\" content=\"EuDeMumber\" \/>\n<meta property=\"article:modified_time\" content=\"2022-11-08T10:20:11+00:00\" \/>\n<meta name=\"twitter:card\" content=\"summary_large_image\" \/>\n<meta name=\"twitter:label1\" content=\"\u041f\u0440\u0438\u043c\u0435\u0440\u043d\u043e\u0435 \u0432\u0440\u0435\u043c\u044f \u0434\u043b\u044f \u0447\u0442\u0435\u043d\u0438\u044f\" \/>\n\t<meta name=\"twitter:data1\" content=\"3 \u043c\u0438\u043d\u0443\u0442\u044b\" \/>\n<script type=\"application\/ld+json\" class=\"yoast-schema-graph\">{\"@context\":\"https:\/\/schema.org\",\"@graph\":[{\"@type\":\"WebPage\",\"@id\":\"https:\/\/demumber.de\/ru\/impressum\/\",\"url\":\"https:\/\/demumber.de\/ru\/impressum\/\",\"name\":\"Impressum - EuDeMumber\",\"isPartOf\":{\"@id\":\"https:\/\/demumber.de\/#website\"},\"datePublished\":\"2022-02-02T19:16:22+00:00\",\"dateModified\":\"2022-11-08T10:20:11+00:00\",\"breadcrumb\":{\"@id\":\"https:\/\/demumber.de\/ru\/impressum\/#breadcrumb\"},\"inLanguage\":\"ru-RU\",\"potentialAction\":[{\"@type\":\"ReadAction\",\"target\":[\"https:\/\/demumber.de\/ru\/impressum\/\"]}]},{\"@type\":\"BreadcrumbList\",\"@id\":\"https:\/\/demumber.de\/ru\/impressum\/#breadcrumb\",\"itemListElement\":[{\"@type\":\"ListItem\",\"position\":1,\"name\":\"Startseite\",\"item\":\"https:\/\/demumber.de\/ru\/\"},{\"@type\":\"ListItem\",\"position\":2,\"name\":\"Impressum\"}]},{\"@type\":\"WebSite\",\"@id\":\"https:\/\/demumber.de\/#website\",\"url\":\"https:\/\/demumber.de\/\",\"name\":\"EuDeMumber\",\"description\":\"EuDeMumber - website\",\"publisher\":{\"@id\":\"https:\/\/demumber.de\/#organization\"},\"potentialAction\":[{\"@type\":\"SearchAction\",\"target\":{\"@type\":\"EntryPoint\",\"urlTemplate\":\"https:\/\/demumber.de\/?s={search_term_string}\"},\"query-input\":\"required name=search_term_string\"}],\"inLanguage\":\"ru-RU\"},{\"@type\":\"Organization\",\"@id\":\"https:\/\/demumber.de\/#organization\",\"name\":\"EuDeMumber\",\"url\":\"https:\/\/demumber.de\/\",\"logo\":{\"@type\":\"ImageObject\",\"inLanguage\":\"ru-RU\",\"@id\":\"https:\/\/demumber.de\/#\/schema\/logo\/image\/\",\"url\":\"https:\/\/demumber.de\/wp-content\/uploads\/2022\/09\/002_de-mumber_logo.png\",\"contentUrl\":\"https:\/\/demumber.de\/wp-content\/uploads\/2022\/09\/002_de-mumber_logo.png\",\"width\":800,\"height\":150,\"caption\":\"EuDeMumber\"},\"image\":{\"@id\":\"https:\/\/demumber.de\/#\/schema\/logo\/image\/\"}}]}<\/script>\n<!-- \/ Yoast SEO plugin. -->","yoast_head_json":{"title":"Impressum - EuDeMumber","robots":{"index":"index","follow":"follow","max-snippet":"max-snippet:-1","max-image-preview":"max-image-preview:large","max-video-preview":"max-video-preview:-1"},"canonical":"https:\/\/demumber.de\/ru\/impressum\/","og_locale":"ru_RU","og_type":"article","og_title":"Impressum - EuDeMumber","og_description":"Impressum DeMumberKarl-Jakob-Hirsch-Weg 71, 30455 HannoverTel. +49 (0)1575 7855243E-Mail info@demumber.comVertreten durch die Gesch\u00e4ftsf\u00fchrer: Eugen MumberEingetragen beim AmtsgerichtHannover: MEL 14545USt-IdNr. DE 203657434 v.i.S.d.P.Presserechtlich verantwortlich f\u00fcr alle Seiten unter www.DeMumber.com: Eugen Mumber Zust\u00e4ndige Aufsichtsbeh\u00f6rdeBundesagentur f\u00fcr ArbeitRegionaldirektion NiedersachsenPostfach 10 10 4030000 HannoverTel. 0511 4306-0Internet: www.arbeitsagentur.de Allgemeine Gesch\u00e4ftsbedingungen (AGB) Unsere Allgemeinen Gesch\u00e4ftsbedingungen k\u00f6nnen sie hier\u00a0einsehen. Rechtliche HinweiseDie auf dieser Website [&hellip;]","og_url":"https:\/\/demumber.de\/ru\/impressum\/","og_site_name":"EuDeMumber","article_modified_time":"2022-11-08T10:20:11+00:00","twitter_card":"summary_large_image","twitter_misc":{"\u041f\u0440\u0438\u043c\u0435\u0440\u043d\u043e\u0435 \u0432\u0440\u0435\u043c\u044f \u0434\u043b\u044f \u0447\u0442\u0435\u043d\u0438\u044f":"3 \u043c\u0438\u043d\u0443\u0442\u044b"},"schema":{"@context":"https:\/\/schema.org","@graph":[{"@type":"WebPage","@id":"https:\/\/demumber.de\/ru\/impressum\/","url":"https:\/\/demumber.de\/ru\/impressum\/","name":"Impressum - EuDeMumber","isPartOf":{"@id":"https:\/\/demumber.de\/#website"},"datePublished":"2022-02-02T19:16:22+00:00","dateModified":"2022-11-08T10:20:11+00:00","breadcrumb":{"@id":"https:\/\/demumber.de\/ru\/impressum\/#breadcrumb"},"inLanguage":"ru-RU","potentialAction":[{"@type":"ReadAction","target":["https:\/\/demumber.de\/ru\/impressum\/"]}]},{"@type":"BreadcrumbList","@id":"https:\/\/demumber.de\/ru\/impressum\/#breadcrumb","itemListElement":[{"@type":"ListItem","position":1,"name":"Startseite","item":"https:\/\/demumber.de\/ru\/"},{"@type":"ListItem","position":2,"name":"Impressum"}]},{"@type":"WebSite","@id":"https:\/\/demumber.de\/#website","url":"https:\/\/demumber.de\/","name":"EuDeMumber","description":"EuDeMumber - website","publisher":{"@id":"https:\/\/demumber.de\/#organization"},"potentialAction":[{"@type":"SearchAction","target":{"@type":"EntryPoint","urlTemplate":"https:\/\/demumber.de\/?s={search_term_string}"},"query-input":"required name=search_term_string"}],"inLanguage":"ru-RU"},{"@type":"Organization","@id":"https:\/\/demumber.de\/#organization","name":"EuDeMumber","url":"https:\/\/demumber.de\/","logo":{"@type":"ImageObject","inLanguage":"ru-RU","@id":"https:\/\/demumber.de\/#\/schema\/logo\/image\/","url":"https:\/\/demumber.de\/wp-content\/uploads\/2022\/09\/002_de-mumber_logo.png","contentUrl":"https:\/\/demumber.de\/wp-content\/uploads\/2022\/09\/002_de-mumber_logo.png","width":800,"height":150,"caption":"EuDeMumber"},"image":{"@id":"https:\/\/demumber.de\/#\/schema\/logo\/image\/"}}]}},"_links":{"self":[{"href":"https:\/\/demumber.de\/ru\/wp-json\/wp\/v2\/pages\/21","targetHints":{"allow":["GET"]}}],"collection":[{"href":"https:\/\/demumber.de\/ru\/wp-json\/wp\/v2\/pages"}],"about":[{"href":"https:\/\/demumber.de\/ru\/wp-json\/wp\/v2\/types\/page"}],"author":[{"embeddable":true,"href":"https:\/\/demumber.de\/ru\/wp-json\/wp\/v2\/users\/1"}],"replies":[{"embeddable":true,"href":"https:\/\/demumber.de\/ru\/wp-json\/wp\/v2\/comments?post=21"}],"version-history":[{"count":22,"href":"https:\/\/demumber.de\/ru\/wp-json\/wp\/v2\/pages\/21\/revisions"}],"predecessor-version":[{"id":1006,"href":"https:\/\/demumber.de\/ru\/wp-json\/wp\/v2\/pages\/21\/revisions\/1006"}],"wp:attachment":[{"href":"https:\/\/demumber.de\/ru\/wp-json\/wp\/v2\/media?parent=21"}],"curies":[{"name":"wp","href":"https:\/\/api.w.org\/{rel}","templated":true}]}}