{"id":3,"date":"2022-02-01T14:53:57","date_gmt":"2022-02-01T14:53:57","guid":{"rendered":"http:\/\/demumber.eu\/?page_id=3"},"modified":"2022-02-17T17:07:22","modified_gmt":"2022-02-17T17:07:22","slug":"privacy-policy","status":"publish","type":"page","link":"https:\/\/demumber.de\/ru\/privacy-policy\/","title":{"rendered":"\u041f\u043e\u043b\u0438\u0442\u0438\u043a\u0430 \u043a\u043e\u043d\u0444\u0438\u0434\u0435\u043d\u0446\u0438\u0430\u043b\u044c\u043d\u043e\u0441\u0442\u0438"},"content":{"rendered":"\t\t<div data-elementor-type=\"wp-page\" data-elementor-id=\"3\" class=\"elementor elementor-3\">\n\t\t\t\t\t\t\t\t\t<section class=\"elementor-section elementor-top-section elementor-element elementor-element-412531f6 elementor-section-height-min-height elementor-section-boxed elementor-section-height-default elementor-section-items-middle\" data-id=\"412531f6\" data-element_type=\"section\" data-settings=\"{&quot;background_background&quot;:&quot;classic&quot;}\">\n\t\t\t\t\t\t\t<div class=\"elementor-background-overlay\"><\/div>\n\t\t\t\t\t\t\t<div class=\"elementor-container elementor-column-gap-default\">\n\t\t\t\t\t<div class=\"elementor-column elementor-col-100 elementor-top-column elementor-element elementor-element-6fbc837e\" data-id=\"6fbc837e\" data-element_type=\"column\">\n\t\t\t<div class=\"elementor-widget-wrap elementor-element-populated\">\n\t\t\t\t\t\t\t\t<div class=\"elementor-element elementor-element-ef10e77 elementor-widget elementor-widget-heading\" data-id=\"ef10e77\" data-element_type=\"widget\" data-widget_type=\"heading.default\">\n\t\t\t\t<div class=\"elementor-widget-container\">\n\t\t\t<style>\/*! elementor - v3.8.0 - 30-10-2022 *\/\n.elementor-heading-title{padding:0;margin:0;line-height:1}.elementor-widget-heading .elementor-heading-title[class*=elementor-size-]>a{color:inherit;font-size:inherit;line-height:inherit}.elementor-widget-heading .elementor-heading-title.elementor-size-small{font-size:15px}.elementor-widget-heading .elementor-heading-title.elementor-size-medium{font-size:19px}.elementor-widget-heading .elementor-heading-title.elementor-size-large{font-size:29px}.elementor-widget-heading .elementor-heading-title.elementor-size-xl{font-size:39px}.elementor-widget-heading .elementor-heading-title.elementor-size-xxl{font-size:59px}<\/style><h2 class=\"elementor-heading-title elementor-size-default\">\u041f\u043e\u043b\u0438\u0442\u0438\u043a\u0430 \u043a\u043e\u043d\u0444\u0438\u0434\u0435\u043d\u0446\u0438\u0430\u043b\u044c\u043d\u043e\u0441\u0442\u0438<\/h2>\t\t<\/div>\n\t\t\t\t<\/div>\n\t\t\t\t\t<\/div>\n\t\t<\/div>\n\t\t\t\t\t\t\t<\/div>\n\t\t<\/section>\n\t\t\t\t<section class=\"elementor-section elementor-top-section elementor-element elementor-element-91f094a elementor-section-boxed elementor-section-height-default elementor-section-height-default\" data-id=\"91f094a\" data-element_type=\"section\">\n\t\t\t\t\t\t<div class=\"elementor-container elementor-column-gap-default\">\n\t\t\t\t\t<div class=\"elementor-column elementor-col-100 elementor-top-column elementor-element elementor-element-22204c45\" data-id=\"22204c45\" data-element_type=\"column\">\n\t\t\t<div class=\"elementor-widget-wrap elementor-element-populated\">\n\t\t\t\t\t\t\t\t<div class=\"elementor-element elementor-element-209f5d13 elementor-widget elementor-widget-text-editor\" data-id=\"209f5d13\" data-element_type=\"widget\" data-widget_type=\"text-editor.default\">\n\t\t\t\t<div class=\"elementor-widget-container\">\n\t\t\t<style>\/*! elementor - v3.8.0 - 30-10-2022 *\/\n.elementor-widget-text-editor.elementor-drop-cap-view-stacked .elementor-drop-cap{background-color:#818a91;color:#fff}.elementor-widget-text-editor.elementor-drop-cap-view-framed .elementor-drop-cap{color:#818a91;border:3px solid;background-color:transparent}.elementor-widget-text-editor:not(.elementor-drop-cap-view-default) .elementor-drop-cap{margin-top:8px}.elementor-widget-text-editor:not(.elementor-drop-cap-view-default) .elementor-drop-cap-letter{width:1em;height:1em}.elementor-widget-text-editor .elementor-drop-cap{float:left;text-align:center;line-height:1;font-size:50px}.elementor-widget-text-editor .elementor-drop-cap-letter{display:inline-block}<\/style>\t\t\t\t\n<h2>Verantwortlicher gem. Art. 4 Abs. 7 DS-GVO ist:<\/h2>\n<p>DeMumber<br \/>Eugen Mumber<br \/>Karl-Jakob-Hirsch-Weg 71<br \/>30455 Hannover<\/p>\n<p><a href=\"mailto:Info@demumber.eu\">Info@demumber.eu<\/a><\/p>\n<h2>Allgemeine Informationen<\/h2>\n<p>Die Betreiber dieser Seiten nehmen den Schutz Ihrer pers\u00f6nlichen Daten sehr ernst. Wir behandeln Ihre personenbezogenen Daten vertraulich und entsprechend der gesetzlichen Datenschutzvorschriften sowie dieser Datenschutzerkl\u00e4rung. Die Nutzung unserer Webseite ist in der Regel ohne Angabe personenbezogener Daten m\u00f6glich. Soweit auf unseren Seiten personenbezogene Daten (beispielsweise Name, Anschrift oder E-Mail-Adressen) erhoben werden, erfolgt dies, soweit m\u00f6glich, stets auf freiwilliger Basis. Diese Daten werden ohne Ihre ausdr\u00fcckliche Zustimmung nicht an Dritte weitergegeben. Wir weisen darauf hin, dass die Daten\u00fcbertragung im Internet (z.B. bei der Kommunikation per E-Mail) Sicherheitsl\u00fccken aufweisen kann. Ein l\u00fcckenloser Schutz der Daten vor dem Zugriff durch Dritte ist nicht m\u00f6glich.<\/p>\n<h2>Erfassung von Server-Log-Files<\/h2>\n<p>Mit jedem Zugriff auf dieses Angebot werden durch uns bzw. den Webspace-Provider automatisch Informationen erfasst. Diese Informationen, auch als Server-Logfiles bezeichnet, sind allgemeiner Natur und erlauben keine R\u00fcckschl\u00fcsse auf Ihre Person. Erfasst werden unter anderem: Name der Webseite, Datei, Datum, Datenmenge, Webbrowser und Webbrowser-Version, Betriebssystem, der Domainname Ihres Internet-Providers, die sogenannte Referrer-URL (jene Seite, von der aus Sie auf unser Angebot zugegriffen haben) und die IP-Adresse. Ohne diese Daten w\u00e4re es technisch teils nicht m\u00f6glich, die Inhalte der Webseite auszuliefern und darzustellen. Insofern ist die Erfassung der Daten zwingend notwendig. Dar\u00fcber hinaus verwenden wir die anonymen Informationen f\u00fcr statistische Zwecke. Sie helfen uns bei der Optimierung des Angebots und der Technik. Wir behalten uns zudem das Recht vor, die Log-Files bei Verdacht auf eine rechtswidrige Nutzung unseres Angebotes nachtr\u00e4glich zu kontrollieren.<\/p>\n<h2>Umgang mit personenbezogenen Daten<\/h2>\n<p>Definition: Als personenbezogene Daten gelten alle Informationen, anhand derer eine Person eindeutig identifizierbar ist. Es handelt sich somit um Daten, die zu einer Person zur\u00fcckverfolgt werden k\u00f6nnen. Zu diesen personenbezogenen Daten z\u00e4hlen der Vorname und der Name, die Telefonnummer sowie die E-Mail-Adresse. Ebenso als personenbezogene Daten gelten Informationen zu Hobbies, Mitgliedschaften und Vorlieben sowie Internetseiten, die aufgerufen wurden. Diese Daten werden vom Anbieter nur erhoben, genutzt und gegebenenfalls weitergegeben, sofern der Gesetzgeber dies ausdr\u00fccklich erlaubt oder aber der Nutzer in die Erhebung, Bearbeitung, Nutzung und Weitergabe der Daten einwilligt.<\/p>\n<h3>Cookies<\/h3>\n<p>Diese Webseite verwendet sogenannte Cookies. Das sind Textdateien, die vom Server aus auf Ihrem Rechner gespeichert werden. Sie enthalten Informationen zum Browser, zur IP-Adresse, dem Betriebssystem und zur Internetverbindung. Diese Daten werden von uns nicht an Dritte weitergegeben oder ohne ihre Zustimmung mit personenbezogenen Daten verkn\u00fcpft. Cookies erf\u00fcllen vor allem zwei Aufgaben. Sie helfen uns, Ihnen die Navigation durch unser Angebot zu erleichtern, und erm\u00f6glichen die korrekte Darstellung der Webseite. Sie werden nicht dazu genutzt, Viren einzuschleusen oder Programme zu starten. Nutzer haben die M\u00f6glichkeit, unser Angebot auch ohne Cookies aufzurufen. Dazu m\u00fcssen im Browser die entsprechenden Einstellungen ge\u00e4ndert werden. Informieren Sie sich bitte \u00fcber die Hilfsfunktion Ihres Browsers, wie Cookies deaktiviert werden. Wir weisen allerdings darauf hin, dass dadurch einige Funktionen dieser Webseite m\u00f6glicherweise beeintr\u00e4chtigt werden und der Nutzungskomfort eingeschr\u00e4nkt wird.<\/p>\n<h3>SSL-Verschl\u00fcsselung<\/h3>\n<p>Diese Seite nutzt aus Gr\u00fcnden der Sicherheit und zum Schutz der \u00dcbertragung vertraulicher Inhalte, wie zum Beispiel der Anfragen, die Sie an uns als Seitenbetreiber senden, eine SSL-Verschl\u00fcsselung. Eine verschl\u00fcsselte Verbindung erkennen Sie daran, dass die Adresszeile des Browsers von \u201chttp:\/\/\u201d auf \u201chttps:\/\/\u201d wechselt und an dem Schloss-Symbol in Ihrer Browserzeile.<\/p>\n<p>Wenn die SSL Verschl\u00fcsselung aktiviert ist, k\u00f6nnen die Daten, die Sie an uns \u00fcbermitteln, nicht von Dritten mitgelesen werden.<\/p>\n<h3>Datensparsamkeit<\/h3>\n<p>Personenbezogene Daten speichern wir gem\u00e4\u00df den Grunds\u00e4tzen der Datenvermeidung und Datensparsamkeit nur so lange, wie es erforderlich ist oder vom Gesetzgeber her vorgeschrieben wird (gesetzliche Speicherfrist). Entf\u00e4llt der Zweck der erhobenen Informationen oder endet die Speicherfrist, sperren oder l\u00f6schen wir die Daten.<\/p>\n<h2>Ihre Rechte auf Auskunft, Berichtigung, Sperre, L\u00f6schung und Widerspruch<\/h2>\n<p>Sie haben das Recht, auf Antrag unentgeltlich eine Auskunft, \u00fcber die bei uns gespeicherten personenbezogenen Daten, anzufordern und\/oder eine Berichtigung, Sperrung oder L\u00f6schung zu verlangen. Ausnahmen: Es handelt sich um die vorgeschriebene Datenspeicherung zur Gesch\u00e4ftsabwicklung oder die Daten unterliegen der gesetzlichen Aufbewahrungspflicht. F\u00fcr diese Zwecke kontaktieren Sie uns bitte. Um eine Datensperre jederzeit ber\u00fccksichtigen zu k\u00f6nnen, ist es erforderlich, die Daten f\u00fcr Kontrollzwecke in einer Sperrdatei vorzuhalten. Besteht keine gesetzliche Archivierungspflicht, k\u00f6nnen Sie auch die L\u00f6schung der Daten verlangen. Anderenfalls sperren wir die Daten, sofern Sie dies w\u00fcnschen.<\/p>\n<h2>Datenschutz bei Bewerbungen und im Bewerbungsverfahren<\/h2>\n<p>Der f\u00fcr die Verarbeitung Verantwortliche erhebt und verarbeitet die personenbezogenen Daten von Bewerbern zum Zwecke der Abwicklung des Bewerbungsverfahrens. Die Verarbeitung kann auch auf elektronischem Wege erfolgen. Dies ist insbesondere dann der Fall, wenn ein Bewerber entsprechende Bewerbungsunterlagen auf dem elektronischen Wege, beispielsweise per E-Mail, an den f\u00fcr die Verarbeitung Verantwortlichen \u00fcbermittelt. Schlie\u00dft der f\u00fcr die Verarbeitung Verantwortliche einen Anstellungsvertrag mit einem Bewerber, werden die \u00fcbermittelten Daten zum Zwecke der Abwicklung des Besch\u00e4ftigungsverh\u00e4ltnisses unter Beachtung der gesetzlichen Vorschriften gespeichert. Wird von dem f\u00fcr die Verarbeitung Verantwortlichen kein Anstellungsvertrag mit dem Bewerber geschlossen, so werden die Bewerbungsunterlagen zwei Monate nach Bekanntgabe der Absageentscheidung automatisch gel\u00f6scht, sofern einer L\u00f6schung keine sonstigen berechtigten Interessen des f\u00fcr die Verarbeitung Verantwortlichen entgegenstehen. Sonstiges berechtigtes Interesse in diesem Sinne ist beispielsweise eine Beweispflicht in einem Verfahren nach dem Allgemeinen Gleichbehandlungsgesetz (AGG).<\/p>\n<h2>\u00c4nderung unserer Datenschutzerkl\u00e4rung<\/h2>\n<p>Um zu gew\u00e4hrleisten, dass unsere Datenschutzerkl\u00e4rung stets den aktuellen gesetzlichen Vorgaben entspricht, behalten wir uns jederzeit \u00c4nderungen vor. Das gilt auch f\u00fcr den Fall, dass die Datenschutzerkl\u00e4rung aufgrund neuer oder \u00fcberarbeiteter Leistungen, zum Beispiel neuer Serviceleistungen, angepasst werden muss. Die neue Datenschutzerkl\u00e4rung greift dann bei Ihrem n\u00e4chsten Besuch auf unserem Angebot.<\/p>\n<h2>Ansprechpartner bei Fragen<\/h2>\n<p>Bei Fragen, Kommentaren sowie Anregungen im Zusammenhang mit unserer Datenschutzerkl\u00e4rung und der Verarbeitung Ihrer personenbezogenen Daten k\u00f6nnen Sie sich an uns unter den oben genannten Adressen wenden.<\/p>\n<p>Stand: Januar 2020<\/p>\n\t\t\t\t\t\t<\/div>\n\t\t\t\t<\/div>\n\t\t\t\t\t<\/div>\n\t\t<\/div>\n\t\t\t\t\t\t\t<\/div>\n\t\t<\/section>\n\t\t\t\t\t\t\t<\/div>\n\t\t","protected":false},"excerpt":{"rendered":"<p>\u041f\u043e\u043b\u0438\u0442\u0438\u043a\u0430 \u043a\u043e\u043d\u0444\u0438\u0434\u0435\u043d\u0446\u0438\u0430\u043b\u044c\u043d\u043e\u0441\u0442\u0438 Verantwortlicher gem. Art. 4 Abs. 7 DS-GVO ist: DeMumberEugen MumberKarl-Jakob-Hirsch-Weg 7130455 Hannover Info@demumber.eu Allgemeine Informationen Die Betreiber dieser Seiten nehmen den Schutz Ihrer pers\u00f6nlichen Daten sehr ernst. Wir behandeln Ihre personenbezogenen Daten vertraulich und entsprechend der gesetzlichen Datenschutzvorschriften sowie dieser Datenschutzerkl\u00e4rung. Die Nutzung unserer Webseite ist in der Regel ohne Angabe personenbezogener Daten [&hellip;]<\/p>\n","protected":false},"author":1,"featured_media":0,"parent":0,"menu_order":0,"comment_status":"closed","ping_status":"open","template":"","meta":{"footnotes":""},"class_list":["post-3","page","type-page","status-publish","hentry"],"yoast_head":"<!-- This site is optimized with the Yoast SEO plugin v19.10 - https:\/\/yoast.com\/wordpress\/plugins\/seo\/ -->\n<title>\u041f\u043e\u043b\u0438\u0442\u0438\u043a\u0430 \u043a\u043e\u043d\u0444\u0438\u0434\u0435\u043d\u0446\u0438\u0430\u043b\u044c\u043d\u043e\u0441\u0442\u0438 - EuDeMumber<\/title>\n<meta name=\"robots\" content=\"index, follow, max-snippet:-1, max-image-preview:large, max-video-preview:-1\" \/>\n<link rel=\"canonical\" href=\"https:\/\/demumber.de\/ru\/privacy-policy\/\" \/>\n<meta property=\"og:locale\" content=\"ru_RU\" \/>\n<meta property=\"og:type\" content=\"article\" \/>\n<meta property=\"og:title\" content=\"\u041f\u043e\u043b\u0438\u0442\u0438\u043a\u0430 \u043a\u043e\u043d\u0444\u0438\u0434\u0435\u043d\u0446\u0438\u0430\u043b\u044c\u043d\u043e\u0441\u0442\u0438 - EuDeMumber\" \/>\n<meta property=\"og:description\" content=\"\u041f\u043e\u043b\u0438\u0442\u0438\u043a\u0430 \u043a\u043e\u043d\u0444\u0438\u0434\u0435\u043d\u0446\u0438\u0430\u043b\u044c\u043d\u043e\u0441\u0442\u0438 Verantwortlicher gem. Art. 4 Abs. 7 DS-GVO ist: DeMumberEugen MumberKarl-Jakob-Hirsch-Weg 7130455 Hannover Info@demumber.eu Allgemeine Informationen Die Betreiber dieser Seiten nehmen den Schutz Ihrer pers\u00f6nlichen Daten sehr ernst. Wir behandeln Ihre personenbezogenen Daten vertraulich und entsprechend der gesetzlichen Datenschutzvorschriften sowie dieser Datenschutzerkl\u00e4rung. Die Nutzung unserer Webseite ist in der Regel ohne Angabe personenbezogener Daten [&hellip;]\" \/>\n<meta property=\"og:url\" content=\"https:\/\/demumber.de\/ru\/privacy-policy\/\" \/>\n<meta property=\"og:site_name\" content=\"EuDeMumber\" \/>\n<meta property=\"article:modified_time\" content=\"2022-02-17T17:07:22+00:00\" \/>\n<meta name=\"twitter:card\" content=\"summary_large_image\" \/>\n<meta name=\"twitter:label1\" content=\"\u041f\u0440\u0438\u043c\u0435\u0440\u043d\u043e\u0435 \u0432\u0440\u0435\u043c\u044f \u0434\u043b\u044f \u0447\u0442\u0435\u043d\u0438\u044f\" \/>\n\t<meta name=\"twitter:data1\" content=\"5 \u043c\u0438\u043d\u0443\u0442\" \/>\n<script type=\"application\/ld+json\" class=\"yoast-schema-graph\">{\"@context\":\"https:\/\/schema.org\",\"@graph\":[{\"@type\":\"WebPage\",\"@id\":\"https:\/\/demumber.de\/ru\/privacy-policy\/\",\"url\":\"https:\/\/demumber.de\/ru\/privacy-policy\/\",\"name\":\"\u041f\u043e\u043b\u0438\u0442\u0438\u043a\u0430 \u043a\u043e\u043d\u0444\u0438\u0434\u0435\u043d\u0446\u0438\u0430\u043b\u044c\u043d\u043e\u0441\u0442\u0438 - EuDeMumber\",\"isPartOf\":{\"@id\":\"https:\/\/demumber.de\/#website\"},\"datePublished\":\"2022-02-01T14:53:57+00:00\",\"dateModified\":\"2022-02-17T17:07:22+00:00\",\"breadcrumb\":{\"@id\":\"https:\/\/demumber.de\/ru\/privacy-policy\/#breadcrumb\"},\"inLanguage\":\"ru-RU\",\"potentialAction\":[{\"@type\":\"ReadAction\",\"target\":[\"https:\/\/demumber.de\/ru\/privacy-policy\/\"]}]},{\"@type\":\"BreadcrumbList\",\"@id\":\"https:\/\/demumber.de\/ru\/privacy-policy\/#breadcrumb\",\"itemListElement\":[{\"@type\":\"ListItem\",\"position\":1,\"name\":\"Startseite\",\"item\":\"https:\/\/demumber.de\/ru\/\"},{\"@type\":\"ListItem\",\"position\":2,\"name\":\"\u041f\u043e\u043b\u0438\u0442\u0438\u043a\u0430 \u043a\u043e\u043d\u0444\u0438\u0434\u0435\u043d\u0446\u0438\u0430\u043b\u044c\u043d\u043e\u0441\u0442\u0438\"}]},{\"@type\":\"WebSite\",\"@id\":\"https:\/\/demumber.de\/#website\",\"url\":\"https:\/\/demumber.de\/\",\"name\":\"EuDeMumber\",\"description\":\"EuDeMumber - website\",\"publisher\":{\"@id\":\"https:\/\/demumber.de\/#organization\"},\"potentialAction\":[{\"@type\":\"SearchAction\",\"target\":{\"@type\":\"EntryPoint\",\"urlTemplate\":\"https:\/\/demumber.de\/?s={search_term_string}\"},\"query-input\":\"required name=search_term_string\"}],\"inLanguage\":\"ru-RU\"},{\"@type\":\"Organization\",\"@id\":\"https:\/\/demumber.de\/#organization\",\"name\":\"EuDeMumber\",\"url\":\"https:\/\/demumber.de\/\",\"logo\":{\"@type\":\"ImageObject\",\"inLanguage\":\"ru-RU\",\"@id\":\"https:\/\/demumber.de\/#\/schema\/logo\/image\/\",\"url\":\"https:\/\/demumber.de\/wp-content\/uploads\/2022\/09\/002_de-mumber_logo.png\",\"contentUrl\":\"https:\/\/demumber.de\/wp-content\/uploads\/2022\/09\/002_de-mumber_logo.png\",\"width\":800,\"height\":150,\"caption\":\"EuDeMumber\"},\"image\":{\"@id\":\"https:\/\/demumber.de\/#\/schema\/logo\/image\/\"}}]}<\/script>\n<!-- \/ Yoast SEO plugin. -->","yoast_head_json":{"title":"\u041f\u043e\u043b\u0438\u0442\u0438\u043a\u0430 \u043a\u043e\u043d\u0444\u0438\u0434\u0435\u043d\u0446\u0438\u0430\u043b\u044c\u043d\u043e\u0441\u0442\u0438 - EuDeMumber","robots":{"index":"index","follow":"follow","max-snippet":"max-snippet:-1","max-image-preview":"max-image-preview:large","max-video-preview":"max-video-preview:-1"},"canonical":"https:\/\/demumber.de\/ru\/privacy-policy\/","og_locale":"ru_RU","og_type":"article","og_title":"\u041f\u043e\u043b\u0438\u0442\u0438\u043a\u0430 \u043a\u043e\u043d\u0444\u0438\u0434\u0435\u043d\u0446\u0438\u0430\u043b\u044c\u043d\u043e\u0441\u0442\u0438 - EuDeMumber","og_description":"\u041f\u043e\u043b\u0438\u0442\u0438\u043a\u0430 \u043a\u043e\u043d\u0444\u0438\u0434\u0435\u043d\u0446\u0438\u0430\u043b\u044c\u043d\u043e\u0441\u0442\u0438 Verantwortlicher gem. Art. 4 Abs. 7 DS-GVO ist: DeMumberEugen MumberKarl-Jakob-Hirsch-Weg 7130455 Hannover Info@demumber.eu Allgemeine Informationen Die Betreiber dieser Seiten nehmen den Schutz Ihrer pers\u00f6nlichen Daten sehr ernst. Wir behandeln Ihre personenbezogenen Daten vertraulich und entsprechend der gesetzlichen Datenschutzvorschriften sowie dieser Datenschutzerkl\u00e4rung. Die Nutzung unserer Webseite ist in der Regel ohne Angabe personenbezogener Daten [&hellip;]","og_url":"https:\/\/demumber.de\/ru\/privacy-policy\/","og_site_name":"EuDeMumber","article_modified_time":"2022-02-17T17:07:22+00:00","twitter_card":"summary_large_image","twitter_misc":{"\u041f\u0440\u0438\u043c\u0435\u0440\u043d\u043e\u0435 \u0432\u0440\u0435\u043c\u044f \u0434\u043b\u044f \u0447\u0442\u0435\u043d\u0438\u044f":"5 \u043c\u0438\u043d\u0443\u0442"},"schema":{"@context":"https:\/\/schema.org","@graph":[{"@type":"WebPage","@id":"https:\/\/demumber.de\/ru\/privacy-policy\/","url":"https:\/\/demumber.de\/ru\/privacy-policy\/","name":"\u041f\u043e\u043b\u0438\u0442\u0438\u043a\u0430 \u043a\u043e\u043d\u0444\u0438\u0434\u0435\u043d\u0446\u0438\u0430\u043b\u044c\u043d\u043e\u0441\u0442\u0438 - EuDeMumber","isPartOf":{"@id":"https:\/\/demumber.de\/#website"},"datePublished":"2022-02-01T14:53:57+00:00","dateModified":"2022-02-17T17:07:22+00:00","breadcrumb":{"@id":"https:\/\/demumber.de\/ru\/privacy-policy\/#breadcrumb"},"inLanguage":"ru-RU","potentialAction":[{"@type":"ReadAction","target":["https:\/\/demumber.de\/ru\/privacy-policy\/"]}]},{"@type":"BreadcrumbList","@id":"https:\/\/demumber.de\/ru\/privacy-policy\/#breadcrumb","itemListElement":[{"@type":"ListItem","position":1,"name":"Startseite","item":"https:\/\/demumber.de\/ru\/"},{"@type":"ListItem","position":2,"name":"\u041f\u043e\u043b\u0438\u0442\u0438\u043a\u0430 \u043a\u043e\u043d\u0444\u0438\u0434\u0435\u043d\u0446\u0438\u0430\u043b\u044c\u043d\u043e\u0441\u0442\u0438"}]},{"@type":"WebSite","@id":"https:\/\/demumber.de\/#website","url":"https:\/\/demumber.de\/","name":"EuDeMumber","description":"EuDeMumber - website","publisher":{"@id":"https:\/\/demumber.de\/#organization"},"potentialAction":[{"@type":"SearchAction","target":{"@type":"EntryPoint","urlTemplate":"https:\/\/demumber.de\/?s={search_term_string}"},"query-input":"required name=search_term_string"}],"inLanguage":"ru-RU"},{"@type":"Organization","@id":"https:\/\/demumber.de\/#organization","name":"EuDeMumber","url":"https:\/\/demumber.de\/","logo":{"@type":"ImageObject","inLanguage":"ru-RU","@id":"https:\/\/demumber.de\/#\/schema\/logo\/image\/","url":"https:\/\/demumber.de\/wp-content\/uploads\/2022\/09\/002_de-mumber_logo.png","contentUrl":"https:\/\/demumber.de\/wp-content\/uploads\/2022\/09\/002_de-mumber_logo.png","width":800,"height":150,"caption":"EuDeMumber"},"image":{"@id":"https:\/\/demumber.de\/#\/schema\/logo\/image\/"}}]}},"_links":{"self":[{"href":"https:\/\/demumber.de\/ru\/wp-json\/wp\/v2\/pages\/3","targetHints":{"allow":["GET"]}}],"collection":[{"href":"https:\/\/demumber.de\/ru\/wp-json\/wp\/v2\/pages"}],"about":[{"href":"https:\/\/demumber.de\/ru\/wp-json\/wp\/v2\/types\/page"}],"author":[{"embeddable":true,"href":"https:\/\/demumber.de\/ru\/wp-json\/wp\/v2\/users\/1"}],"replies":[{"embeddable":true,"href":"https:\/\/demumber.de\/ru\/wp-json\/wp\/v2\/comments?post=3"}],"version-history":[{"count":16,"href":"https:\/\/demumber.de\/ru\/wp-json\/wp\/v2\/pages\/3\/revisions"}],"predecessor-version":[{"id":811,"href":"https:\/\/demumber.de\/ru\/wp-json\/wp\/v2\/pages\/3\/revisions\/811"}],"wp:attachment":[{"href":"https:\/\/demumber.de\/ru\/wp-json\/wp\/v2\/media?parent=3"}],"curies":[{"name":"wp","href":"https:\/\/api.w.org\/{rel}","templated":true}]}}